{"id":48,"date":"2021-12-07T19:39:50","date_gmt":"2021-12-07T18:39:50","guid":{"rendered":"https:\/\/bifix.hr\/?page_id=48"},"modified":"2022-01-21T10:05:51","modified_gmt":"2022-01-21T09:05:51","slug":"proizvodi","status":"publish","type":"page","link":"https:\/\/bifix.hr\/index.php\/proizvodi\/","title":{"rendered":"Proizvodi"},"content":{"rendered":"<!--themify_builder_content-->\n<div id=\"themify_builder_content-48\" data-postid=\"48\" class=\"themify_builder_content themify_builder_content-48 themify_builder tf_clear\">\n    \t<!-- module_row -->\n\t<div  data-lazy=\"1\" class=\"module_row themify_builder_row tb_u107338 tb_first tf_clearfix\">\n\t    \t\t<div class=\"row_inner col_align_top tf_box tf_w tf_rel\">\n\t\t\t<div  data-lazy=\"1\" class=\"module_column tb-column col-full first tb_ce3v339 tf_box\">\n\t\t\t    \t        <div class=\"tb-column-inner tf_box tf_w\">\n\t\t    \t<div  data-lazy=\"1\" class=\"module_subrow themify_builder_sub_row tb_jtrg631 tf_w tf_clearfix\">\n\t    \t\t<div class=\"subrow_inner col_align_top tf_box tf_w\">\n\t\t\t<div  data-lazy=\"1\" class=\"sub_column module_column tf_box col4-1 first tb_6irs632\"> \n\t    \t    \t        <div class=\"tb-column-inner tf_box tf_w\">\n\t\t    <!-- module buttons -->\n<div  class=\"module module-buttons tb_kr3k861 buttons-horizontal solid  buttons-fullwidth wow\" data-tf-animation=\"bounceIn\" data-lazy=\"1\">\n    \t<div class=\"module-buttons-item tf_inline_b\">\n\t\t\t\t\t\t\t<a href=\"https:\/\/bifix.hr\/index.php\/crni-master\/\" class=\"ui builder_button black\" >\n\t\t\t\t\t\t\t\t\t\t\t<span class=\"tf_inline_b tf_vmiddle\">CRNI MASTER<\/span>\n\t\t\t\t\t\t\t\t\t\t\t<\/a>\n\t\t\t    \t<\/div>\n\t<\/div>\n<!-- \/module buttons -->\n\t        <\/div>\n\t    \t<\/div>\n\t\t<div  data-lazy=\"1\" class=\"sub_column module_column tf_box col4-1 second tb_b0eq633\"> \n\t    \t    \t        <div class=\"tb-column-inner tf_box tf_w\">\n\t\t    <!-- module buttons -->\n<div  class=\"module module-buttons tb_ljrb127 buttons-horizontal solid  buttons-fullwidth wow\" data-tf-animation=\"bounceIn\" data-tf-animation_delay=\"0.1\" data-lazy=\"1\">\n    \t<div class=\"module-buttons-item tf_inline_b\">\n\t\t\t\t\t\t\t<a href=\"https:\/\/bifix.hr\/index.php\/bijeli-master\/\" class=\"ui builder_button transparent\" >\n\t\t\t\t\t\t\t\t\t\t\t<span class=\"tf_inline_b tf_vmiddle\">BIJELI MASTER<\/span>\n\t\t\t\t\t\t\t\t\t\t\t<\/a>\n\t\t\t    \t<\/div>\n\t<\/div>\n<!-- \/module buttons -->\n\t        <\/div>\n\t    \t<\/div>\n\t\t<div  data-lazy=\"1\" class=\"sub_column module_column tf_box col4-1 third tb_kw4j633\"> \n\t    \t    \t        <div class=\"tb-column-inner tf_box tf_w\">\n\t\t    <!-- module buttons -->\n<div  class=\"module module-buttons tb_4us63 buttons-horizontal solid  buttons-fullwidth wow\" data-tf-animation=\"bounceIn\" data-tf-animation_delay=\"0.2\" data-lazy=\"1\">\n    \t<div class=\"module-buttons-item tf_inline_b\">\n\t\t\t\t\t\t\t<a href=\"https:\/\/bifix.hr\/index.php\/obojeni-master\/\" class=\"ui builder_button tb_default_color\" >\n\t\t\t\t\t\t\t\t\t\t\t<span class=\"tf_inline_b tf_vmiddle\">OBOJENI MASTER<\/span>\n\t\t\t\t\t\t\t\t\t\t\t<\/a>\n\t\t\t    \t<\/div>\n\t<\/div>\n<!-- \/module buttons -->\n\t        <\/div>\n\t    \t<\/div>\n\t\t<div  data-lazy=\"1\" class=\"sub_column module_column tf_box col4-1 last tb_04ez633\"> \n\t    \t    \t        <div class=\"tb-column-inner tf_box tf_w\">\n\t\t    <!-- module buttons -->\n<div  class=\"module module-buttons tb_yfrf151 buttons-horizontal solid  buttons-fullwidth wow\" data-tf-animation=\"bounceIn\" data-tf-animation_delay=\"0.3\" data-lazy=\"1\">\n    \t<div class=\"module-buttons-item tf_inline_b\">\n\t\t\t\t\t\t\t<a href=\"https:\/\/bifix.hr\/index.php\/aditivi\/\" class=\"ui builder_button red\" >\n\t\t\t\t\t\t\t\t\t\t\t<span class=\"tf_inline_b tf_vmiddle\">ADITIVI<\/span>\n\t\t\t\t\t\t\t\t\t\t\t<\/a>\n\t\t\t    \t<\/div>\n\t<\/div>\n<!-- \/module buttons -->\n\t        <\/div>\n\t    \t<\/div>\n\t\t    <\/div>\n\t<\/div><!-- \/themify_builder_sub_row -->\n\t<!-- module text -->\n<div  class=\"module module-text tb_rth0610   \" data-lazy=\"1\">\n        <div  class=\"tb_text_wrap\">\n    <p><img loading=\"lazy\" decoding=\"async\" class=\"size-full wp-image-73 alignright\" src=\"https:\/\/bifix.hr\/wp-content\/uploads\/2021\/12\/proizvodi_01.png\" alt=\"\" width=\"602\" height=\"263\" srcset=\"https:\/\/bifix.hr\/wp-content\/uploads\/2021\/12\/proizvodi_01.png 602w, https:\/\/bifix.hr\/wp-content\/uploads\/2021\/12\/proizvodi_01-300x131.png 300w\" sizes=\"auto, (max-width: 602px) 100vw, 602px\" \/><\/p>\n<p>\u00a0<\/p>\n<h3><strong>MASTERBATCH<\/strong><\/h3>\n<p>je visoko koncentrirana disperzija pigmenata u polimeru, u obliku granula. Bojanje polimera posti\u017ee se dodavanjem odgovaraju\u0107eg obojenog masterbatcha polimeru u odre\u0111enom omjeru. Pravilnom primjenom i izborom masterbatch-a pobolj\u0161ava se prerada, stabilizacija i termi\u010dka stabilnost polimera. Kori\u0161tenje BIFIX MASTER\u00ae bojila preporu\u010den je na\u010din bojanja termoplasta radi visoke kvalitete, odli\u010dne disperzije, optimiziranog protoka za pojedine namjene i odli\u010dnih sposobnosti umje\u0161avanja u masu za bojenje. U standardnoj ponudi imamo bijeli, crni i obojeni BIFIX MASTER\u00ae. Prema zahtjevima kupaca proizvodimo masterbatch-e sa UV stabilizatorima, kliznim sredstvima, antioksidansima, antistaticima i aditivima za samogasivost, te drugim dodatcima. Postotak dodavanja masterbatcha za bojanje plasti\u010dnih masa iznosi 1-12%, \u0161to zavisi o namjeni polimera, na\u010dinu prerade i nijanse. BIFIX MASTER\u00ae se proizvodi u standardnim bojama prema ton karti. Prema zahtjevima kupaca izra\u0111uju se i ostale nijanse masterbatcha.<\/p>\n<h3><strong><img loading=\"lazy\" decoding=\"async\" class=\"alignright size-full wp-image-74\" src=\"https:\/\/bifix.hr\/wp-content\/uploads\/2021\/12\/proizvodi_02.png\" alt=\"\" width=\"359\" height=\"312\" srcset=\"https:\/\/bifix.hr\/wp-content\/uploads\/2021\/12\/proizvodi_02.png 359w, https:\/\/bifix.hr\/wp-content\/uploads\/2021\/12\/proizvodi_02-300x261.png 300w\" sizes=\"auto, (max-width: 359px) 100vw, 359px\" \/>Prednosti:<\/strong><\/h3>\n<p>jednostavna upotreba, odli\u010dna disperzija pigmenata, nema pra\u0161enja radnog prostora, lako skladi\u0161tenje i transport<\/p>\n<h3><strong>Osnovna svojstva:<\/strong><\/h3>\n<p>termi\u010dka stabilnost, svjetlostabilnost, otpornost na atmosferilije, otpornost na kemijske agense, disperzibilnost, nijansa<\/p>    <\/div>\n<\/div>\n<!-- \/module text -->\t        <\/div>\n\t    \t<\/div>\n\t\t    <\/div>\n\t    <!-- \/row_inner -->\n\t<\/div>\n\t<!-- \/module_row -->\n\t<\/div>\n<!--\/themify_builder_content-->","protected":false},"excerpt":{"rendered":"<p>CRNI MASTER BIJELI MASTER OBOJENI MASTER ADITIVI \u00a0 MASTERBATCH je visoko koncentrirana disperzija pigmenata u polimeru, u obliku granula. Bojanje polimera posti\u017ee se dodavanjem odgovaraju\u0107eg obojenog masterbatcha polimeru u odre\u0111enom omjeru. Pravilnom primjenom i izborom masterbatch-a pobolj\u0161ava se prerada, stabilizacija i termi\u010dka stabilnost polimera. Kori\u0161tenje BIFIX MASTER\u00ae bojila preporu\u010den je na\u010din bojanja termoplasta radi visoke [&hellip;]<\/p>\n","protected":false},"author":1,"featured_media":0,"parent":0,"menu_order":0,"comment_status":"closed","ping_status":"closed","template":"","meta":{"footnotes":""},"class_list":["post-48","page","type-page","status-publish","hentry","has-post-title","has-post-date","has-post-category","has-post-tag","has-post-comment","has-post-author",""],"builder_content":"<a href=\"https:\/\/bifix.hr\/index.php\/crni-master\/\" > CRNI MASTER <\/a>\n<a href=\"https:\/\/bifix.hr\/index.php\/bijeli-master\/\" > BIJELI MASTER <\/a>\n<a href=\"https:\/\/bifix.hr\/index.php\/obojeni-master\/\" > OBOJENI MASTER <\/a>\n<a href=\"https:\/\/bifix.hr\/index.php\/aditivi\/\" > ADITIVI <\/a>\n<p><img loading=\"lazy\" decoding=\"async\" src=\"https:\/\/bifix.hr\/wp-content\/uploads\/2021\/12\/proizvodi_01.png\" alt=\"\" width=\"602\" height=\"263\" srcset=\"https:\/\/bifix.hr\/wp-content\/uploads\/2021\/12\/proizvodi_01.png 602w, https:\/\/bifix.hr\/wp-content\/uploads\/2021\/12\/proizvodi_01-300x131.png 300w\" sizes=\"auto, (max-width: 602px) 100vw, 602px\" \/><\/p> <p>\u00a0<\/p> <h3><strong>MASTERBATCH<\/strong><\/h3> <p>je visoko koncentrirana disperzija pigmenata u polimeru, u obliku granula. Bojanje polimera posti\u017ee se dodavanjem odgovaraju\u0107eg obojenog masterbatcha polimeru u odre\u0111enom omjeru. Pravilnom primjenom i izborom masterbatch-a pobolj\u0161ava se prerada, stabilizacija i termi\u010dka stabilnost polimera. Kori\u0161tenje BIFIX MASTER\u00ae bojila preporu\u010den je na\u010din bojanja termoplasta radi visoke kvalitete, odli\u010dne disperzije, optimiziranog protoka za pojedine namjene i odli\u010dnih sposobnosti umje\u0161avanja u masu za bojenje. U standardnoj ponudi imamo bijeli, crni i obojeni BIFIX MASTER\u00ae. Prema zahtjevima kupaca proizvodimo masterbatch-e sa UV stabilizatorima, kliznim sredstvima, antioksidansima, antistaticima i aditivima za samogasivost, te drugim dodatcima. Postotak dodavanja masterbatcha za bojanje plasti\u010dnih masa iznosi 1-12%, \u0161to zavisi o namjeni polimera, na\u010dinu prerade i nijanse. BIFIX MASTER\u00ae se proizvodi u standardnim bojama prema ton karti. Prema zahtjevima kupaca izra\u0111uju se i ostale nijanse masterbatcha.<\/p> <h3><strong><img loading=\"lazy\" decoding=\"async\" src=\"https:\/\/bifix.hr\/wp-content\/uploads\/2021\/12\/proizvodi_02.png\" alt=\"\" width=\"359\" height=\"312\" srcset=\"https:\/\/bifix.hr\/wp-content\/uploads\/2021\/12\/proizvodi_02.png 359w, https:\/\/bifix.hr\/wp-content\/uploads\/2021\/12\/proizvodi_02-300x261.png 300w\" sizes=\"auto, (max-width: 359px) 100vw, 359px\" \/>Prednosti:<\/strong><\/h3> <p>jednostavna upotreba, odli\u010dna disperzija pigmenata, nema pra\u0161enja radnog prostora, lako skladi\u0161tenje i transport<\/p> <h3><strong>Osnovna svojstva:<\/strong><\/h3> <p>termi\u010dka stabilnost, svjetlostabilnost, otpornost na atmosferilije, otpornost na kemijske agense, disperzibilnost, nijansa<\/p>","_links":{"self":[{"href":"https:\/\/bifix.hr\/index.php\/wp-json\/wp\/v2\/pages\/48","targetHints":{"allow":["GET"]}}],"collection":[{"href":"https:\/\/bifix.hr\/index.php\/wp-json\/wp\/v2\/pages"}],"about":[{"href":"https:\/\/bifix.hr\/index.php\/wp-json\/wp\/v2\/types\/page"}],"author":[{"embeddable":true,"href":"https:\/\/bifix.hr\/index.php\/wp-json\/wp\/v2\/users\/1"}],"replies":[{"embeddable":true,"href":"https:\/\/bifix.hr\/index.php\/wp-json\/wp\/v2\/comments?post=48"}],"version-history":[{"count":13,"href":"https:\/\/bifix.hr\/index.php\/wp-json\/wp\/v2\/pages\/48\/revisions"}],"predecessor-version":[{"id":336,"href":"https:\/\/bifix.hr\/index.php\/wp-json\/wp\/v2\/pages\/48\/revisions\/336"}],"wp:attachment":[{"href":"https:\/\/bifix.hr\/index.php\/wp-json\/wp\/v2\/media?parent=48"}],"curies":[{"name":"wp","href":"https:\/\/api.w.org\/{rel}","templated":true}]}}