{"id":344,"date":"2022-01-21T13:28:59","date_gmt":"2022-01-21T12:28:59","guid":{"rendered":"https:\/\/bifix.hr\/?page_id=344"},"modified":"2022-01-21T13:35:11","modified_gmt":"2022-01-21T12:35:11","slug":"novosti","status":"publish","type":"page","link":"https:\/\/bifix.hr\/index.php\/novosti\/","title":{"rendered":"Novosti"},"content":{"rendered":"<!--themify_builder_content-->\n<div id=\"themify_builder_content-344\" data-postid=\"344\" class=\"themify_builder_content themify_builder_content-344 themify_builder tf_clear\">\n    \t<!-- module_row -->\n\t<div  data-lazy=\"1\" class=\"module_row themify_builder_row tb_0aia724 tb_first tf_clearfix\">\n\t    \t\t<div class=\"row_inner col_align_top tf_box tf_w tf_rel\">\n\t\t\t<div  data-lazy=\"1\" class=\"module_column tb-column col-full first tb_10y6725 tf_box\">\n\t\t\t    \t        <div class=\"tb-column-inner tf_box tf_w\">\n\t\t    <!-- module callout -->\n<div  class=\"module ui module-callout tb_c73v340 button-right tb_default_color   \" data-lazy=\"1\">\n    \n    <div class=\"callout-inner\">\n\t<div class=\"callout-content tf_left\">\n\t    <h3 class=\"callout-heading\">Najboljim poduzetnicima dodijeljena priznanja Hrvatske gospodarske komore<\/h3>\n\t    <div class=\"tb_text_wrap\">\n\t\t\tZLATNA KUNA TVRTKAMA BIFIX, CALUCEM I VALAMAR RIVIERA\t    <\/div>\n\t<\/div>\n\t<!-- \/callout-content -->\n\t\t    <div class=\"callout-button tf_right tf_textr\">\n\t\t    <a href=\"https:\/\/bifix.hr\/wp-content\/uploads\/2022\/01\/1-HGK-Golden-kuna-2016.pdf\" class=\"ui builder_button  orange\" rel=\"noopener\" target=\"_blank\">\n\t\t\t\t<span class=\"tb_callout_text\">PRO\u010cITAJ \u010cLANAK<\/span>\n\t\t    <\/a>\n\t\t<\/div>\n\t        <\/div>\n    <!-- \/callout-content -->\n<\/div>\n<!-- \/module callout -->\n<!-- module callout -->\n<div  class=\"module ui module-callout tb_tvkc582 button-right tb_default_color   \" data-lazy=\"1\">\n    \n    <div class=\"callout-inner\">\n\t<div class=\"callout-content tf_left\">\n\t    <h3 class=\"callout-heading\">BIFIX D. O. O. BUJE - NAJVE\u0106I PROIZVO\u0110A\u010c BOJILA I ADITIVA U JUGOISTO\u010cNOJ EUROPI<\/h3>\n\t    <div class=\"tb_text_wrap\">\n\t\t\tMali div iz susjedstva\t    <\/div>\n\t<\/div>\n\t<!-- \/callout-content -->\n\t\t    <div class=\"callout-button tf_right tf_textr\">\n\t\t    <a href=\"https:\/\/bifix.hr\/wp-content\/uploads\/2022\/01\/2-Bujstina-Broj-155_bifix.pdf\" class=\"ui builder_button  orange\" rel=\"noopener\" target=\"_blank\">\n\t\t\t\t<span class=\"tb_callout_text\">PRO\u010cITAJ \u010cLANAK<\/span>\n\t\t    <\/a>\n\t\t<\/div>\n\t        <\/div>\n    <!-- \/callout-content -->\n<\/div>\n<!-- \/module callout -->\n<!-- module callout -->\n<div  class=\"module ui module-callout tb_2va1918 button-right tb_default_color   \" data-lazy=\"1\">\n    \n    <div class=\"callout-inner\">\n\t<div class=\"callout-content tf_left\">\n\t    <h3 class=\"callout-heading\">Project \u201cNXT-BATCH 2020\u201d Completed<\/h3>\n\t    <div class=\"tb_text_wrap\">\n\t\t\t\t    <\/div>\n\t<\/div>\n\t<!-- \/callout-content -->\n\t\t    <div class=\"callout-button tf_right tf_textr\">\n\t\t    <a href=\"https:\/\/bifix.hr\/wp-content\/uploads\/2022\/01\/3-CW-BFIX-Advertorial_2.pdf\" class=\"ui builder_button  orange\" rel=\"noopener\" target=\"_blank\">\n\t\t\t\t<span class=\"tb_callout_text\">PRO\u010cITAJ \u010cLANAK<\/span>\n\t\t    <\/a>\n\t\t<\/div>\n\t        <\/div>\n    <!-- \/callout-content -->\n<\/div>\n<!-- \/module callout -->\n<!-- module callout -->\n<div  class=\"module ui module-callout tb_jsht170 button-right tb_default_color   \" data-lazy=\"1\">\n    \n    <div class=\"callout-inner\">\n\t<div class=\"callout-content tf_left\">\n\t    <h3 class=\"callout-heading\">BIFIX D.O.O. IZ BUJA \u2013 MALA VELIKA TVORNICA<\/h3>\n\t    <div class=\"tb_text_wrap\">\n\t\t\tGlas Istre\t    <\/div>\n\t<\/div>\n\t<!-- \/callout-content -->\n\t\t    <div class=\"callout-button tf_right tf_textr\">\n\t\t    <a href=\"https:\/\/bifix.hr\/wp-content\/uploads\/2022\/01\/4-BIFIX-PR-U-GLASU-ISTRE.pdf\" class=\"ui builder_button  orange\" rel=\"noopener\" target=\"_blank\">\n\t\t\t\t<span class=\"tb_callout_text\">PRO\u010cITAJ \u010cLANAK<\/span>\n\t\t    <\/a>\n\t\t<\/div>\n\t        <\/div>\n    <!-- \/callout-content -->\n<\/div>\n<!-- \/module callout -->\n\t        <\/div>\n\t    \t<\/div>\n\t\t    <\/div>\n\t    <!-- \/row_inner -->\n\t<\/div>\n\t<!-- \/module_row -->\n\t<\/div>\n<!--\/themify_builder_content-->","protected":false},"excerpt":{"rendered":"<p>Najboljim poduzetnicima dodijeljena priznanja Hrvatske gospodarske komore ZLATNA KUNA TVRTKAMA BIFIX, CALUCEM I VALAMAR RIVIERA PRO\u010cITAJ \u010cLANAK BIFIX D. O. O. BUJE &#8211; NAJVE\u0106I PROIZVO\u0110A\u010c BOJILA I ADITIVA U JUGOISTO\u010cNOJ EUROPI Mali div iz susjedstva PRO\u010cITAJ \u010cLANAK Project \u201cNXT-BATCH 2020\u201d Completed PRO\u010cITAJ \u010cLANAK BIFIX D.O.O. IZ BUJA \u2013 MALA VELIKA TVORNICA Glas Istre PRO\u010cITAJ \u010cLANAK<\/p>\n","protected":false},"author":1,"featured_media":0,"parent":0,"menu_order":0,"comment_status":"closed","ping_status":"closed","template":"","meta":{"footnotes":""},"class_list":["post-344","page","type-page","status-publish","hentry","has-post-title","has-post-date","has-post-category","has-post-tag","has-post-comment","has-post-author",""],"builder_content":"<h3>Najboljim poduzetnicima dodijeljena priznanja Hrvatske gospodarske komore<\/h3> ZLATNA KUNA TVRTKAMA BIFIX, CALUCEM I VALAMAR RIVIERA <a href=\"https:\/\/bifix.hr\/wp-content\/uploads\/2022\/01\/1-HGK-Golden-kuna-2016.pdf\" rel=\"noopener\" target=\"_blank\"> PRO\u010cITAJ \u010cLANAK <\/a>\n<h3>BIFIX D. O. O. BUJE - NAJVE\u0106I PROIZVO\u0110A\u010c BOJILA I ADITIVA U JUGOISTO\u010cNOJ EUROPI<\/h3> Mali div iz susjedstva <a href=\"https:\/\/bifix.hr\/wp-content\/uploads\/2022\/01\/2-Bujstina-Broj-155_bifix.pdf\" rel=\"noopener\" target=\"_blank\"> PRO\u010cITAJ \u010cLANAK <\/a>\n<h3>Project \u201cNXT-BATCH 2020\u201d Completed<\/h3> <a href=\"https:\/\/bifix.hr\/wp-content\/uploads\/2022\/01\/3-CW-BFIX-Advertorial_2.pdf\" rel=\"noopener\" target=\"_blank\"> PRO\u010cITAJ \u010cLANAK <\/a>\n<h3>BIFIX D.O.O. IZ BUJA \u2013 MALA VELIKA TVORNICA<\/h3> Glas Istre <a href=\"https:\/\/bifix.hr\/wp-content\/uploads\/2022\/01\/4-BIFIX-PR-U-GLASU-ISTRE.pdf\" rel=\"noopener\" target=\"_blank\"> PRO\u010cITAJ \u010cLANAK <\/a>","_links":{"self":[{"href":"https:\/\/bifix.hr\/index.php\/wp-json\/wp\/v2\/pages\/344","targetHints":{"allow":["GET"]}}],"collection":[{"href":"https:\/\/bifix.hr\/index.php\/wp-json\/wp\/v2\/pages"}],"about":[{"href":"https:\/\/bifix.hr\/index.php\/wp-json\/wp\/v2\/types\/page"}],"author":[{"embeddable":true,"href":"https:\/\/bifix.hr\/index.php\/wp-json\/wp\/v2\/users\/1"}],"replies":[{"embeddable":true,"href":"https:\/\/bifix.hr\/index.php\/wp-json\/wp\/v2\/comments?post=344"}],"version-history":[{"count":7,"href":"https:\/\/bifix.hr\/index.php\/wp-json\/wp\/v2\/pages\/344\/revisions"}],"predecessor-version":[{"id":352,"href":"https:\/\/bifix.hr\/index.php\/wp-json\/wp\/v2\/pages\/344\/revisions\/352"}],"wp:attachment":[{"href":"https:\/\/bifix.hr\/index.php\/wp-json\/wp\/v2\/media?parent=344"}],"curies":[{"name":"wp","href":"https:\/\/api.w.org\/{rel}","templated":true}]}}