{"id":234,"date":"2021-12-09T12:40:21","date_gmt":"2021-12-09T11:40:21","guid":{"rendered":"https:\/\/bifix.hr\/?page_id=234"},"modified":"2022-01-10T21:53:29","modified_gmt":"2022-01-10T20:53:29","slug":"upit-za-tehnicki-list","status":"publish","type":"page","link":"https:\/\/bifix.hr\/index.php\/upit-za-tehnicki-list\/","title":{"rendered":"Upit za tehni\u010dki list"},"content":{"rendered":"<!--themify_builder_content-->\n<div id=\"themify_builder_content-234\" data-postid=\"234\" class=\"themify_builder_content themify_builder_content-234 themify_builder tf_clear\">\n    \t<!-- module_row -->\n\t<div  data-lazy=\"1\" class=\"module_row themify_builder_row tb_d83r894 tb_first tf_clearfix\">\n\t    \t\t<div class=\"row_inner col_align_top tf_box tf_w tf_rel\">\n\t\t\t<div  data-lazy=\"1\" class=\"module_column tb-column col-full first tb_x93h899 tf_box\">\n\t\t\t    \t        <div class=\"tb-column-inner tf_box tf_w\">\n\t\t    <!-- module contact -->\n<div  id=\"tb_e0j8125\" class=\"module module-contact tb_e0j8125 contact-style1 \" data-lazy=\"1\">\n    \n\t<form action=\"https:\/\/bifix.hr\/wp-admin\/admin-ajax.php\"\n\t\tclass=\"builder-contact\"\n\t\tid=\"tb_e0j8125-form\"\n\t\tmethod=\"post\"\n\t\tdata-post-id=\"234\"\n\t\tdata-element-id=\"e0j8125\"\n\t\tdata-orig-id=\"234\"\n\t>\n    <div class=\"contact-message\"><\/div>\n\t<div class=\"builder-contact-fields tf_rel\">\n\t\t    \t\t    \t\t    <div class=\"builder-contact-field builder-contact-field-extra builder-contact-text-field\">\n\t\t\t\t<label class=\"control-label\" for=\"field_extra_tb_e0j8125_0\">\n\t\t\t\t\tOznaka proizvoda za koje tra\u017eite tehni\u010dki list (ako je vi\u0161e proizvoda odvojite ih zarezom)\t\t\t\t\t\t\t\t\t\t\t<input type=\"hidden\" name=\"field_extra_name_0\" value=\"Oznaka proizvoda za koje tra\u017eite tehni\u010dki list (ako je vi\u0161e proizvoda odvojite ih zarezom)\">\n\t\t\t\t\t\t\t\t\t<\/label>\n\t\t\t\t<div class=\"control-input tf_rel\">\n\t\t\t\t\t\t\t\t\t\t\t<input type=\"text\" name=\"field_extra_0\" id=\"field_extra_tb_e0j8125_0\" placeholder=\"\" class=\"form-control\">\n\t\t\t\t\t\n\t\t\t\t\t\t\t\t\t<\/div>\n\t\t    <\/div>\n\t    \n\t\t    \t\t    <div class=\"builder-contact-field builder-contact-field-subject builder-contact-text-field\">\n\t\t\t    <label class=\"control-label\" for=\"tb_e0j8125-contact-subject\"><span class=\"tb-label-span\">Predmet <\/span><\/label>\n\t\t\t    <div class=\"control-input tf_rel\">\n\t\t\t\t    \t\t\t\t\t    <input type=\"text\" name=\"contact-subject\" placeholder=\"Upit za tehni\u010dki list\" id=\"tb_e0j8125-contact-subject\" value=\"\" class=\"form-control\" >\n\t\t\t\t    \t\t\t\t    \t\t\t    <\/div>\n\t\t<\/div>\n\t    \n\t\t    \t\t    \t\t    <div class=\"builder-contact-field builder-contact-field-extra builder-contact-static-field\">\n\t\t\t\t<label class=\"control-label\" for=\"field_extra_tb_e0j8125_1\">\n\t\t\t\t\t\t\t\t\t\t\t\t\t\t<\/label>\n\t\t\t\t<div class=\"control-input tf_rel\">\n\t\t\t\t\t\t\t\t\t\t\t<\/br>\t\t\t\t\t\n\t\t\t\t\t\t\t\t\t<\/div>\n\t\t    <\/div>\n\t    \n\t\t    \t\t    \t\t    <div class=\"builder-contact-field builder-contact-field-extra builder-contact-static-field\">\n\t\t\t\t<label class=\"control-label\" for=\"field_extra_tb_e0j8125_2\">\n\t\t\t\t\tVa\u0161i podaci:\t\t\t\t\t\t\t\t\t<\/label>\n\t\t\t\t<div class=\"control-input tf_rel\">\n\t\t\t\t\t\t\t\t\t\t\t<\/br>\t\t\t\t\t\n\t\t\t\t\t\t\t\t\t<\/div>\n\t\t    <\/div>\n\t    \n\t\t    \t\t    <div class=\"builder-contact-field builder-contact-field-name builder-contact-text-field\">\n\t\t\t    <label class=\"control-label\" for=\"tb_e0j8125-contact-name\"><span class=\"tb-label-span\">Ime i prezime <\/span><span class=\"required\">*<\/span><\/label>\n\t\t\t    <div class=\"control-input tf_rel\">\n\t\t\t\t    \t\t\t\t\t    <input type=\"text\" name=\"contact-name\" placeholder=\"\" id=\"tb_e0j8125-contact-name\" value=\"\" class=\"form-control\" required>\n\t\t\t\t    \t\t\t\t    \t\t\t    <\/div>\n\t\t<\/div>\n\t    \n\t\t    \t\t    \t\t    <div class=\"builder-contact-field builder-contact-field-extra builder-contact-text-field\">\n\t\t\t\t<label class=\"control-label\" for=\"field_extra_tb_e0j8125_3\">\n\t\t\t\t\tPoduze\u0107e\t\t\t\t\t\t\t\t\t\t\t<input type=\"hidden\" name=\"field_extra_name_3\" value=\"Poduze\u0107e\">\n\t\t\t\t\t\t\t\t\t<\/label>\n\t\t\t\t<div class=\"control-input tf_rel\">\n\t\t\t\t\t\t\t\t\t\t\t<input type=\"text\" name=\"field_extra_3\" id=\"field_extra_tb_e0j8125_3\" placeholder=\"\" class=\"form-control\">\n\t\t\t\t\t\n\t\t\t\t\t\t\t\t\t<\/div>\n\t\t    <\/div>\n\t    \n\t\t    \t\t    \t\t    <div class=\"builder-contact-field builder-contact-field-extra builder-contact-text-field\">\n\t\t\t\t<label class=\"control-label\" for=\"field_extra_tb_e0j8125_4\">\n\t\t\t\t\tAdresa\t\t\t\t\t\t\t\t\t\t\t<input type=\"hidden\" name=\"field_extra_name_4\" value=\"Adresa\">\n\t\t\t\t\t\t\t\t\t\t\t<span class=\"required\">*<\/span>\n\t\t\t\t\t\t\t\t\t<\/label>\n\t\t\t\t<div class=\"control-input tf_rel\">\n\t\t\t\t\t\t\t\t\t\t\t<input type=\"text\" name=\"field_extra_4\" id=\"field_extra_tb_e0j8125_4\" placeholder=\"\" class=\"form-control\" required>\n\t\t\t\t\t\n\t\t\t\t\t\t\t\t\t<\/div>\n\t\t    <\/div>\n\t    \n\t\t    \t\t    <div class=\"builder-contact-field builder-contact-field-email builder-contact-text-field\">\n\t\t\t    <label class=\"control-label\" for=\"tb_e0j8125-contact-email\"><span class=\"tb-label-span\">e-mail <\/span><span class=\"required\">*<\/span><\/label>\n\t\t\t    <div class=\"control-input tf_rel\">\n\t\t\t\t    \t\t\t\t\t    <input type=\"text\" name=\"contact-email\" placeholder=\"\" id=\"tb_e0j8125-contact-email\" value=\"\" class=\"form-control\" required>\n\t\t\t\t    \t\t\t\t    \t\t\t    <\/div>\n\t\t<\/div>\n\t    \n\t\t    \t\t    \t\t    <div class=\"builder-contact-field builder-contact-field-extra builder-contact-text-field builder-contact-tel-field\">\n\t\t\t\t<label class=\"control-label\" for=\"field_extra_tb_e0j8125_5\">\n\t\t\t\t\tTelefon\t\t\t\t\t\t\t\t\t\t\t<input type=\"hidden\" name=\"field_extra_name_5\" value=\"Telefon\">\n\t\t\t\t\t\t\t\t\t<\/label>\n\t\t\t\t<div class=\"control-input tf_rel\">\n\t\t\t\t\t\t\t\t\t\t\t<input type=\"tel\" name=\"field_extra_5\" id=\"field_extra_tb_e0j8125_5\" placeholder=\"\" class=\"form-control\">\n\t\t\t\t\t\n\t\t\t\t\t\t\t\t\t<\/div>\n\t\t    <\/div>\n\t    \n\t\t    \t\t    \t\t    <div class=\"builder-contact-field builder-contact-field-extra builder-contact-textarea-field\">\n\t\t\t\t<label class=\"control-label\" for=\"field_extra_tb_e0j8125_6\">\n\t\t\t\t\tPoruka\t\t\t\t\t\t\t\t\t\t\t<input type=\"hidden\" name=\"field_extra_name_6\" value=\"Poruka\">\n\t\t\t\t\t\t\t\t\t<\/label>\n\t\t\t\t<div class=\"control-input tf_rel\">\n\t\t\t\t\t\t\t\t\t\t\t<textarea name=\"field_extra_6\" id=\"field_extra_tb_e0j8125_6\" placeholder=\"\" class=\"form-control\"><\/textarea>\n\t\t\t\t\t\n\t\t\t\t\t\t\t\t\t<\/div>\n\t\t    <\/div>\n\t    \n\t\t    \n\t\t\n\t\t\n\t    \t\t\t\t<div class=\"builder-contact-field builder-contact-field-captcha\">\n\t\t\t\t\t\t\t<label class=\"control-label\">\n\t\t\t\t\t<span>Captcha<\/span>\n\t\t\t\t\t<span class=\"required\">*<\/span>\n\t\t\t\t<\/label>\n\t\t\t\t\t    <div class=\"control-input tf_rel\">\n\t\t\t\t<div class=\"themify_captcha_field g-recaptcha\" data-sitekey=\"6LcOowQeAAAAACEVOfPN8Zyi9n2HGlPIztnmLhM4\" data-ver=\"v2\"><\/div>\n\t\t    <\/div>\n\t\t<\/div>\n\t    \t    <div class=\"builder-contact-field builder-contact-field-send control-input tf_textl tf_clear tf_rel\">\n\t\t\t<button type=\"submit\" class=\"btn btn-primary\"><span class=\"tf_loader\"><\/span>Po\u0161alji<\/button>\n\t    <\/div>\n\t<\/div>\n    <\/form>\n\n    <\/div>\n<!-- \/module contact -->\n\t        <\/div>\n\t    \t<\/div>\n\t\t    <\/div>\n\t    <!-- \/row_inner -->\n\t<\/div>\n\t<!-- \/module_row -->\n\t<\/div>\n<!--\/themify_builder_content-->","protected":false},"excerpt":{"rendered":"<p>Oznaka proizvoda za koje tra\u017eite tehni\u010dki list (ako je vi\u0161e proizvoda odvojite ih zarezom) Predmet Va\u0161i podaci: Ime i prezime * Poduze\u0107e Adresa * e-mail * Telefon Poruka Captcha * Po\u0161alji<\/p>\n","protected":false},"author":1,"featured_media":0,"parent":0,"menu_order":0,"comment_status":"closed","ping_status":"closed","template":"","meta":{"footnotes":""},"class_list":["post-234","page","type-page","status-publish","hentry","has-post-title","has-post-date","has-post-category","has-post-tag","has-post-comment","has-post-author",""],"builder_content":"<form action=\"https:\/\/bifix.hr\/wp-admin\/admin-ajax.php\" class=\"builder-contact\" id=\"tb_e0j8125-form\" method=\"post\" data-post-id=\"0\" data-element-id=\"e0j8125\" data-orig-id=\"234\" > <label for=\"field_extra_tb_e0j8125_0\"> Oznaka proizvoda za koje tra\u017eite tehni\u010dki list (ako je vi\u0161e proizvoda odvojite ih zarezom) <input type=\"hidden\" name=\"field_extra_name_0\" value=\"Oznaka proizvoda za koje tra\u017eite tehni\u010dki list (ako je vi\u0161e proizvoda odvojite ih zarezom)\"> <\/label> <input type=\"text\" name=\"field_extra_0\" id=\"field_extra_tb_e0j8125_0\" placeholder=\"\"> <label for=\"tb_e0j8125-contact-subject\">Predmet <\/label> <input type=\"text\" name=\"contact-subject\" placeholder=\"Upit za tehni\u010dki list\" id=\"tb_e0j8125-contact-subject\" value=\"\" > <label for=\"field_extra_tb_e0j8125_1\"> <\/label> <\/br> <label for=\"field_extra_tb_e0j8125_2\"> Va\u0161i podaci: <\/label> <\/br> <label for=\"tb_e0j8125-contact-name\">Ime i prezime *<\/label> <input type=\"text\" name=\"contact-name\" placeholder=\"\" id=\"tb_e0j8125-contact-name\" value=\"\" required> <label for=\"field_extra_tb_e0j8125_3\"> Poduze\u0107e <input type=\"hidden\" name=\"field_extra_name_3\" value=\"Poduze\u0107e\"> <\/label> <input type=\"text\" name=\"field_extra_3\" id=\"field_extra_tb_e0j8125_3\" placeholder=\"\"> <label for=\"field_extra_tb_e0j8125_4\"> Adresa <input type=\"hidden\" name=\"field_extra_name_4\" value=\"Adresa\"> * <\/label> <input type=\"text\" name=\"field_extra_4\" id=\"field_extra_tb_e0j8125_4\" placeholder=\"\" required> <label for=\"tb_e0j8125-contact-email\">e-mail *<\/label> <input type=\"text\" name=\"contact-email\" placeholder=\"\" id=\"tb_e0j8125-contact-email\" value=\"\" required> <label for=\"field_extra_tb_e0j8125_5\"> Telefon <input type=\"hidden\" name=\"field_extra_name_5\" value=\"Telefon\"> <\/label> <input type=\"tel\" name=\"field_extra_5\" id=\"field_extra_tb_e0j8125_5\" placeholder=\"\"> <label for=\"field_extra_tb_e0j8125_6\"> Poruka <input type=\"hidden\" name=\"field_extra_name_6\" value=\"Poruka\"> <\/label> <textarea name=\"field_extra_6\" id=\"field_extra_tb_e0j8125_6\" placeholder=\"\"><\/textarea> <label> Captcha * <\/label> <button type=\"submit\">Po\u0161alji<\/button> <\/form>","_links":{"self":[{"href":"https:\/\/bifix.hr\/index.php\/wp-json\/wp\/v2\/pages\/234","targetHints":{"allow":["GET"]}}],"collection":[{"href":"https:\/\/bifix.hr\/index.php\/wp-json\/wp\/v2\/pages"}],"about":[{"href":"https:\/\/bifix.hr\/index.php\/wp-json\/wp\/v2\/types\/page"}],"author":[{"embeddable":true,"href":"https:\/\/bifix.hr\/index.php\/wp-json\/wp\/v2\/users\/1"}],"replies":[{"embeddable":true,"href":"https:\/\/bifix.hr\/index.php\/wp-json\/wp\/v2\/comments?post=234"}],"version-history":[{"count":5,"href":"https:\/\/bifix.hr\/index.php\/wp-json\/wp\/v2\/pages\/234\/revisions"}],"predecessor-version":[{"id":332,"href":"https:\/\/bifix.hr\/index.php\/wp-json\/wp\/v2\/pages\/234\/revisions\/332"}],"wp:attachment":[{"href":"https:\/\/bifix.hr\/index.php\/wp-json\/wp\/v2\/media?parent=234"}],"curies":[{"name":"wp","href":"https:\/\/api.w.org\/{rel}","templated":true}]}}